{"id":2,"date":"2019-05-01T16:17:04","date_gmt":"2019-05-01T13:17:04","guid":{"rendered":"http:\/\/31.217.196.205\/~ooewawwr\/trailruntammela\/?page_id=2"},"modified":"2026-01-15T17:05:51","modified_gmt":"2026-01-15T15:05:51","slug":"esimerkkisivu","status":"publish","type":"page","link":"https:\/\/nocando.fi\/trailruntammela\/","title":{"rendered":"Suvi-ilta Trail Run Tammela"},"content":{"rendered":"\n<h2 class=\"wp-block-heading\"><\/h2>\n\n\n\n<p class=\"has-black-color has-text-color\" style=\"font-size:20px\"><strong>Suvi-ilta Trail Run Tammela juostaan 26.4.2026<\/strong><br><\/p>\n\n\n\n<p>Suvi-ilta Trail Run Tammela j\u00e4rjestet\u00e4\u00e4n yhdess\u00e4 <a href=\"https:\/\/suvi-ilta.fi\/\">Forssan Suvi-ilta<\/a> juoksu- ja py\u00f6r\u00e4ilytapahtuman kanssa.<\/p>\n\n\n\n<p>Saaren kansanpuisto on kaikille tuttu kansallismaisema ja siell\u00e4 j\u00e4rjestet\u00e4\u00e4n 26.4. sunnuntaina klo 12.00 polkujuoksutapahtuma.<\/p>\n\n\n\n<p>Reitti on hyvin merkitty\u00e4 polkua, joka kulkee vaihtelevassa maastossa. Matkan varrella on j\u00e4rvenrantaa, harjuja, mets\u00e4\u00e4, m\u00e4ki\u00e4\u2026 Maali on Kaukolan n\u00e4k\u00f6tornin juurella, josta avautuu n\u00e4kym\u00e4 j\u00e4rviyl\u00e4ng\u00f6lle.<\/p>\n\n\n\n<p>Tapahtumalla on my\u00f6s\u00a0<a href=\"https:\/\/www.facebook.com\/trailruntammela\/\">FB-sivusto<\/a>, jota voi k\u00e4yd\u00e4 tykk\u00e4\u00e4m\u00e4ss\u00e4. Facebookissa on my\u00f6s runsaasti kommentteja, kuvia jokaisesta osallistujasta maalisuoralla ja videoita.<\/p>\n\n\n\n<hr class=\"wp-block-separator has-css-opacity\"\/>\n\n\n\n<p>Tapahtuman taustalla ovat&nbsp;<strong>Forssan Suvi-ilta, Intersport<\/strong>&nbsp;ja&nbsp;<strong>Vesihelmen&nbsp;<\/strong>viihdeuimala.<\/p>\n\n\n\n<p>Parhaat palkitaan ja onnekkaimmat saavat my\u00f6s arvontapalkintoja.<\/p>\n\n\n\n<p><\/p>\n\n\n\n\n\n<p>Kisatoimistossa on tarjolla kahvilapalvelut.<\/p>\n\n\n\n<p>K\u00e4yt\u00e4nn\u00f6n j\u00e4rjestelyist\u00e4 vastaa Nocando Marathon club<\/p>\n\n\n\n<p><\/p>\n","protected":false},"excerpt":{"rendered":"<p>Suvi-ilta Trail Run Tammela juostaan 26.4.2026 Suvi-ilta Trail Run Tammela j\u00e4rjestet\u00e4\u00e4n yhdess\u00e4 Forssan Suvi-ilta juoksu- ja py\u00f6r\u00e4ilytapahtuman kanssa. Saaren kansanpuisto on kaikille tuttu kansallismaisema ja [&hellip;]<\/p>\n","protected":false},"author":1,"featured_media":0,"parent":0,"menu_order":0,"comment_status":"closed","ping_status":"open","template":"","meta":{"footnotes":""},"class_list":["post-2","page","type-page","status-publish","hentry"],"_links":{"self":[{"href":"https:\/\/nocando.fi\/trailruntammela\/wp-json\/wp\/v2\/pages\/2","targetHints":{"allow":["GET"]}}],"collection":[{"href":"https:\/\/nocando.fi\/trailruntammela\/wp-json\/wp\/v2\/pages"}],"about":[{"href":"https:\/\/nocando.fi\/trailruntammela\/wp-json\/wp\/v2\/types\/page"}],"author":[{"embeddable":true,"href":"https:\/\/nocando.fi\/trailruntammela\/wp-json\/wp\/v2\/users\/1"}],"replies":[{"embeddable":true,"href":"https:\/\/nocando.fi\/trailruntammela\/wp-json\/wp\/v2\/comments?post=2"}],"version-history":[{"count":24,"href":"https:\/\/nocando.fi\/trailruntammela\/wp-json\/wp\/v2\/pages\/2\/revisions"}],"predecessor-version":[{"id":663,"href":"https:\/\/nocando.fi\/trailruntammela\/wp-json\/wp\/v2\/pages\/2\/revisions\/663"}],"wp:attachment":[{"href":"https:\/\/nocando.fi\/trailruntammela\/wp-json\/wp\/v2\/media?parent=2"}],"curies":[{"name":"wp","href":"https:\/\/api.w.org\/{rel}","templated":true}]}}